{"id":269,"date":"2025-04-19T15:17:52","date_gmt":"2025-04-19T13:17:52","guid":{"rendered":"https:\/\/www.ingrid-pee-kassel.de\/?page_id=269"},"modified":"2025-07-13T20:52:30","modified_gmt":"2025-07-13T18:52:30","slug":"neues-aus-kassel","status":"publish","type":"page","link":"https:\/\/www.ingrid-pee-kassel.de\/en\/neues-aus-kassel\/","title":{"rendered":"World Heritage Site"},"content":{"rendered":"<div data-elementor-type=\"wp-page\" data-elementor-id=\"269\" class=\"elementor elementor-269\">\n\t\t\t\t\t\t<section class=\"elementor-section elementor-top-section elementor-element elementor-element-7d0ec79 elementor-section-boxed elementor-section-height-default elementor-section-height-default\" data-id=\"7d0ec79\" data-element_type=\"section\">\n\t\t\t\t\t\t<div class=\"elementor-container elementor-column-gap-default\">\n\t\t\t\t\t<div class=\"elementor-column elementor-col-100 elementor-top-column elementor-element elementor-element-9b35267\" data-id=\"9b35267\" data-element_type=\"column\">\n\t\t\t<div class=\"elementor-widget-wrap elementor-element-populated\">\n\t\t\t\t\t\t<div class=\"elementor-element elementor-element-4d73767 elementor-widget elementor-widget-text-editor\" data-id=\"4d73767\" data-element_type=\"widget\" data-widget_type=\"text-editor.default\">\n\t\t\t\t<div class=\"elementor-widget-container\">\n\t\t\t\t\t\t\t\t\t<div id=\"meta-origin\" data-coolorigin=\"http%3A%2F%2F100.64.141.3%3A9980%2Fcool%2Fclipboard%3FWOPISrc%3Dhttps%253A%252F%252Fstorage-adapter-webde-live.popp.be-prod-eu.poinfra.server.lan%252Fonline-office%252Fwopi%252Fsd%252Ffiles%252F1523962863847217755%26ServerId%3D2e55548e%26ViewId%3D0%26Tag%3D0bd70c74e6c099ff\"><p><b>Tourist highlights \/ excursion destinations <\/b><\/p><p><span style=\"font-size: medium;\"><u>Wilhelmsh\u00f6he World Heritage Site:<\/u><\/span><\/p><ul><li><p>Bus lines 22 and 23 from the Druseltal stop on tram line 4 to Herkules (from there you can walk down with the water)<\/p><\/li><li><p>Walking distance from my house to the castle (approx. 3.3 km) or the L\u00f6wenburg (approx. 2.4 km)<\/p><\/li><\/ul><p><span style=\"font-size: medium;\"><u>Watershow at Herkules:<\/u><\/span><\/p><ul><li><p>May to October: Wednesdays and Sundays as well as on all Hessian holidays from 2.30 p.m.<\/p><\/li><li><p>June to September: Illuminated every first Saturday of the month<\/p><\/li><\/ul><p>(Start times can be found at <span style=\"color: #0000ff;\"><u><a href=\"http:\/\/www.stadt-kassel.de\/\">www.stadt-kassel.de<\/a><\/u><\/span> \u2013 Art &amp; Culture \u2013 World Heritage Wilhelmsh\u00f6he)<\/p><p><span style=\"font-size: medium;\"><u>Footpath to the park through the adjacent forest (15 \u2013 20 min.):<\/u><\/span><\/p><p>Opposite my parking space, take the small footpath into the woods and turn right. Stay on the hiking trail, neither up nor down. When you come out of the woods and look down, you'll see the Druseltal tram terminus. Then look across the street and find a blue sign (mother with child) to take the narrow footpath. Follow this path along the edge of the woods until the path leads down to Hugo-Preu\u00df-Stra\u00dfe. Then turn left past the houses. After 80 meters, you'll reach the park. If you then go up to the left, you'll come to L\u00f6wenburg, then down through the park to the castle.<\/p><p>Weltkulturerbe \u2013 Wasserspiele \u2013 Herkules \u2013 L\u00f6wenburg \u2013 Wanderweg \u2013 Premiumwanderwege Habichtswald \u2013 Kurhessentherme \u2013 documenta \u2013 Br\u00fcder Grimm \u2013 Schwimmbad Wilhelmsh\u00f6he \u2013 Schlossmuseum \u2013 Gem\u00e4ldegalerie \u2013 Bergpark \u2013 Fulda \u2013 Auestadion \u2013 Kassel Huskies \u2013 Kulturzelt \u2013 Open-Air Kino \u2013 7000 Eichen \u2013 7000 Palmen \u2013 Fridericianum \u2013 Siebenbergen \u2013 Auepark \u2013 Orangerie \u2013 Bugasee \u2013 Markthalle \u2013 Stadtf\u00fchrung \u2013 Kultursommer Nordhessen \u2013 Bergparkkonzerte<\/p><\/div>\t\t\t\t\t\t\t\t<\/div>\n\t\t\t\t<\/div>\n\t\t\t\t\t<\/div>\n\t\t<\/div>\n\t\t\t\t\t<\/div>\n\t\t<\/section>\n\t\t\t\t<\/div>","protected":false},"excerpt":{"rendered":"<p>Touristische Highlights \/ Ausflugsziele Weltkulturerbe Wilhelmsh\u00f6he: Bus Linie 22 + 23 von der Haltestelle Endstation Druseltal der Stra\u00dfenbahnlinie 4 zum Herkules (von da aus k\u00f6nnen&#8230;<\/p>\n<div class=\"more-link-wrapper\"><a class=\"more-link\" href=\"https:\/\/www.ingrid-pee-kassel.de\/en\/neues-aus-kassel\/\">Continue Reading<span class=\"screen-reader-text\">World Heritage Site<\/span><\/a><\/div>","protected":false},"author":1,"featured_media":0,"parent":0,"menu_order":0,"comment_status":"closed","ping_status":"closed","template":"","meta":{"iawp_total_views":141,"footnotes":""},"class_list":["post-269","page","type-page","status-publish","hentry","entry"],"_links":{"self":[{"href":"https:\/\/www.ingrid-pee-kassel.de\/en\/wp-json\/wp\/v2\/pages\/269","targetHints":{"allow":["GET"]}}],"collection":[{"href":"https:\/\/www.ingrid-pee-kassel.de\/en\/wp-json\/wp\/v2\/pages"}],"about":[{"href":"https:\/\/www.ingrid-pee-kassel.de\/en\/wp-json\/wp\/v2\/types\/page"}],"author":[{"embeddable":true,"href":"https:\/\/www.ingrid-pee-kassel.de\/en\/wp-json\/wp\/v2\/users\/1"}],"replies":[{"embeddable":true,"href":"https:\/\/www.ingrid-pee-kassel.de\/en\/wp-json\/wp\/v2\/comments?post=269"}],"version-history":[{"count":0,"href":"https:\/\/www.ingrid-pee-kassel.de\/en\/wp-json\/wp\/v2\/pages\/269\/revisions"}],"wp:attachment":[{"href":"https:\/\/www.ingrid-pee-kassel.de\/en\/wp-json\/wp\/v2\/media?parent=269"}],"curies":[{"name":"wp","href":"https:\/\/api.w.org\/{rel}","templated":true}]}}