{"id":10,"date":"2020-10-20T13:09:41","date_gmt":"2020-10-20T11:09:41","guid":{"rendered":"http:\/\/www.ingrid-pee-kassel.de\/?page_id=10"},"modified":"2025-07-15T21:06:29","modified_gmt":"2025-07-15T19:06:29","slug":"wegweiser","status":"publish","type":"page","link":"http:\/\/www.ingrid-pee-kassel.de\/en\/wegweiser\/","title":{"rendered":"Navigation"},"content":{"rendered":"<div data-elementor-type=\"wp-page\" data-elementor-id=\"10\" class=\"elementor elementor-10\">\n\t\t\t\t\t\t<section class=\"elementor-section elementor-top-section elementor-element elementor-element-b79fb5e elementor-section-boxed elementor-section-height-default elementor-section-height-default\" data-id=\"b79fb5e\" data-element_type=\"section\">\n\t\t\t\t\t\t<div class=\"elementor-container elementor-column-gap-default\">\n\t\t\t\t\t<div class=\"elementor-column elementor-col-100 elementor-top-column elementor-element elementor-element-b8c6e3a\" data-id=\"b8c6e3a\" data-element_type=\"column\">\n\t\t\t<div class=\"elementor-widget-wrap elementor-element-populated\">\n\t\t\t\t\t\t<div class=\"elementor-element elementor-element-dd85997 elementor-widget elementor-widget-text-editor\" data-id=\"dd85997\" data-element_type=\"widget\" data-widget_type=\"text-editor.default\">\n\t\t\t\t<div class=\"elementor-widget-container\">\n\t\t\t\t\t\t\t\t\t<iframe src=\"https:\/\/www.google.com\/maps\/embed?pb=!1m14!1m8!1m3!1d930.7629947194295!2d9.408890247313261!3d51.29619562841028!3m2!1i1024!2i768!4f13.1!3m3!1m2!1s0x47bb407267236d67%3A0x92f53376e2387339!2sBed%20and%20Breakfast!5e0!3m2!1sde!2sde!4v1752606023343!5m2!1sde!2sde\" width=\"600\" height=\"450\" style=\"border:0;\" allowfullscreen=\"\" loading=\"lazy\" referrerpolicy=\"no-referrer-when-downgrade\"><\/iframe>\t\t\t\t\t\t\t\t<\/div>\n\t\t\t\t<\/div>\n\t\t\t\t\t<\/div>\n\t\t<\/div>\n\t\t\t\t\t<\/div>\n\t\t<\/section>\n\t\t\t\t<section class=\"elementor-section elementor-top-section elementor-element elementor-element-5d8bb02 elementor-section-boxed elementor-section-height-default elementor-section-height-default\" data-id=\"5d8bb02\" data-element_type=\"section\">\n\t\t\t\t\t\t<div class=\"elementor-container elementor-column-gap-default\">\n\t\t\t\t\t<div class=\"elementor-column elementor-col-100 elementor-top-column elementor-element elementor-element-4868075\" data-id=\"4868075\" data-element_type=\"column\">\n\t\t\t<div class=\"elementor-widget-wrap elementor-element-populated\">\n\t\t\t\t\t\t<div class=\"elementor-element elementor-element-77e9e2f elementor-widget elementor-widget-text-editor\" data-id=\"77e9e2f\" data-element_type=\"widget\" data-widget_type=\"text-editor.default\">\n\t\t\t\t<div class=\"elementor-widget-container\">\n\t\t\t\t\t\t\t\t\t<p class=\"has-black-color has-text-color\">Reachable via:<\/p>\n<p><!-- \/wp:paragraph --><!-- wp:paragraph {\"textColor\":\"black\"} --><\/p>\n<p class=\"has-black-color has-text-color\">Wilhelmsh\u00f6he motorway exit (4 minutes by car)<\/p>\n<p><!-- \/wp:paragraph --><!-- wp:paragraph {\"textColor\":\"black\"} --><\/p>\n<p class=\"has-black-color has-text-color\">ICE station Wilhelmsh\u00f6he (7 minutes by car)<\/p>\n<p><!-- \/wp:paragraph --><!-- wp:paragraph {\"textColor\":\"black\"} --><\/p>\n<p class=\"has-black-color has-text-color\">Tram line 4 (towards Druseltal)<\/p>\n<p><!-- \/wp:paragraph --><!-- wp:paragraph {\"textColor\":\"black\"} --><\/p>\n<p class=\"has-black-color has-text-color\">Bus lines 51 and 52 (via Brasselsberg)<\/p>\n<p><!-- \/wp:paragraph --><!-- wp:paragraph {\"textColor\":\"black\"} --><\/p>\n<p class=\"has-black-color has-text-color\">Stop: Zeche-Marie-Weg<\/p>\n<p><!-- \/wp:paragraph --><!-- wp:paragraph --><\/p>\n<h6>\u00a0<\/h6>\n<h6><!-- \/wp:paragraph --><!-- wp:paragraph {\"textColor\":\"black\",\"fontSize\":\"small\"} --><\/h6>\n<h6><!-- \/wp:paragraph --><!-- wp:paragraph --><\/h6>\n<p><!-- \/wp:paragraph --><!-- wp:paragraph {\"textColor\":\"black\"} --><\/p>\n<p class=\"has-black-color has-text-color\">Direct proximity to the World Heritage Site of Bad Wilhelmsh\u00f6he<\/p>\n<p class=\"has-black-color has-text-color\">(no tourist tax)<\/p>\n<p><!-- \/wp:paragraph --><!-- wp:paragraph {\"textColor\":\"black\",\"style\":{\"typography\":{\"fontSize\":11}}} --><\/p>\t\t\t\t\t\t\t\t<\/div>\n\t\t\t\t<\/div>\n\t\t\t\t\t<\/div>\n\t\t<\/div>\n\t\t\t\t\t<\/div>\n\t\t<\/section>\n\t\t\t\t<section class=\"elementor-section elementor-top-section elementor-element elementor-element-b869682 elementor-section-boxed elementor-section-height-default elementor-section-height-default\" data-id=\"b869682\" data-element_type=\"section\">\n\t\t\t\t\t\t<div class=\"elementor-container elementor-column-gap-default\">\n\t\t\t\t\t<div class=\"elementor-column elementor-col-100 elementor-top-column elementor-element elementor-element-c0c0ed2\" data-id=\"c0c0ed2\" data-element_type=\"column\">\n\t\t\t<div class=\"elementor-widget-wrap\">\n\t\t\t\t\t\t\t<\/div>\n\t\t<\/div>\n\t\t\t\t\t<\/div>\n\t\t<\/section>\n\t\t\t\t<\/div>","protected":false},"excerpt":{"rendered":"<p>Zu erreichen \u00fcber: Autobahnabfahrt Wilhelmsh\u00f6he (4 Autominuten) ICE Bahnhof Wilhelmsh\u00f6he (7 Autominuten) Stra\u00dfenbahn Linie 4 (Richtung Druseltal) Bus Line 51 und 52 (\u00fcber Brasselsberg) Haltestelle:&#8230;<\/p>\n<div class=\"more-link-wrapper\"><a class=\"more-link\" href=\"http:\/\/www.ingrid-pee-kassel.de\/en\/wegweiser\/\">Continue Reading<span class=\"screen-reader-text\">Navigation<\/span><\/a><\/div>","protected":false},"author":1,"featured_media":0,"parent":0,"menu_order":0,"comment_status":"closed","ping_status":"closed","template":"","meta":{"iawp_total_views":274,"footnotes":""},"class_list":["post-10","page","type-page","status-publish","hentry","entry"],"_links":{"self":[{"href":"http:\/\/www.ingrid-pee-kassel.de\/en\/wp-json\/wp\/v2\/pages\/10","targetHints":{"allow":["GET"]}}],"collection":[{"href":"http:\/\/www.ingrid-pee-kassel.de\/en\/wp-json\/wp\/v2\/pages"}],"about":[{"href":"http:\/\/www.ingrid-pee-kassel.de\/en\/wp-json\/wp\/v2\/types\/page"}],"author":[{"embeddable":true,"href":"http:\/\/www.ingrid-pee-kassel.de\/en\/wp-json\/wp\/v2\/users\/1"}],"replies":[{"embeddable":true,"href":"http:\/\/www.ingrid-pee-kassel.de\/en\/wp-json\/wp\/v2\/comments?post=10"}],"version-history":[{"count":0,"href":"http:\/\/www.ingrid-pee-kassel.de\/en\/wp-json\/wp\/v2\/pages\/10\/revisions"}],"wp:attachment":[{"href":"http:\/\/www.ingrid-pee-kassel.de\/en\/wp-json\/wp\/v2\/media?parent=10"}],"curies":[{"name":"wp","href":"https:\/\/api.w.org\/{rel}","templated":true}]}}